{"id":283,"date":"2017-05-04T14:42:06","date_gmt":"2017-05-04T14:42:06","guid":{"rendered":"http:\/\/www.premiosdentalpro.pt\/edicao2017\/?page_id=283"},"modified":"2017-05-04T14:42:06","modified_gmt":"2017-05-04T14:42:06","slug":"criterios-de-votacao","status":"publish","type":"page","link":"https:\/\/www.premiosdentalpro.pt\/edicao2017\/criterios-de-votacao\/","title":{"rendered":"Crit\u00e9rios de Vota\u00e7\u00e3o"},"content":{"rendered":"<p>A vota\u00e7\u00e3o dos Pr\u00e9mios DentalPro atendeu aos seguintes crit\u00e9rios:<\/p>\n<p><strong>Inova\u00e7\u00e3o Humana<\/strong><br \/>\nPremiar as cl\u00ednicas que primam por assegurar a presta\u00e7\u00e3o dos melhores cuidados de sa\u00fade oral ao seu alcance, agindo com corre\u00e7\u00e3o e delicadeza; garantem a presta\u00e7\u00e3o de atos m\u00e9dico-dent\u00e1rios manifestamente adequados; asseguram as melhores condi\u00e7\u00f5es poss\u00edveis para a presta\u00e7\u00e3o dos seus atos m\u00e9dico-dent\u00e1rios, de forma a melhor satisfazer as necessidades de tratamento de cada paciente.<\/p>\n<p><strong>Gest\u00e3o Corrente<\/strong><br \/>\nPremiar as cl\u00ednicas que aplicam um sistema de gest\u00e3o eficaz e adequado ao exerc\u00edcio da profiss\u00e3o; asseguram o cumprimento de prazos acordados; imprimem celeridade na resolu\u00e7\u00e3o de problemas; apresentam boa comunica\u00e7\u00e3o e assertividade, agregando valor para ambos os flancos da cadeia;<\/p>\n<p><strong>Ambiente e Divulga\u00e7\u00e3o<\/strong><br \/>\nPremiar as cl\u00ednicas que apresentam ambiente saud\u00e1vel e esteticamente agrad\u00e1vel, mas que v\u00e3o para al\u00e9m do m\u00ednimo exigido; divulgam a sua atividade e respeitam os princ\u00edpios da retid\u00e3o, da identificabilidade e da veracidade, com respeito pelos direitos de todos os elementos da cadeia de valor;<\/p>\n<p><strong>Atendimento Adequado<\/strong><br \/>\nPremiar as cl\u00ednicas que primam pelo trato com os seus pacientes; que impelem os seus colaboradores a frequentarem a\u00e7\u00f5es de forma\u00e7\u00e3o continuamente; que trabalham com profissionalismo, educa\u00e7\u00e3o e apresenta\u00e7\u00e3o cuidada, adequada \u00e0 regi\u00e3o onde est\u00e3o inseridas.<\/p>\n","protected":false},"excerpt":{"rendered":"<p>A vota\u00e7\u00e3o dos Pr\u00e9mios DentalPro atendeu aos seguintes crit\u00e9rios: Inova\u00e7\u00e3o Humana Premiar as cl\u00ednicas que primam por assegurar a presta\u00e7\u00e3o dos melhores cuidados de sa\u00fade oral ao seu alcance, agindo &#8230;<\/p>\n","protected":false},"author":1,"featured_media":0,"parent":0,"menu_order":0,"comment_status":"closed","ping_status":"closed","template":"","meta":{"footnotes":""},"class_list":["post-283","page","type-page","status-publish","hentry"],"_links":{"self":[{"href":"https:\/\/www.premiosdentalpro.pt\/edicao2017\/wp-json\/wp\/v2\/pages\/283","targetHints":{"allow":["GET"]}}],"collection":[{"href":"https:\/\/www.premiosdentalpro.pt\/edicao2017\/wp-json\/wp\/v2\/pages"}],"about":[{"href":"https:\/\/www.premiosdentalpro.pt\/edicao2017\/wp-json\/wp\/v2\/types\/page"}],"author":[{"embeddable":true,"href":"https:\/\/www.premiosdentalpro.pt\/edicao2017\/wp-json\/wp\/v2\/users\/1"}],"replies":[{"embeddable":true,"href":"https:\/\/www.premiosdentalpro.pt\/edicao2017\/wp-json\/wp\/v2\/comments?post=283"}],"version-history":[{"count":1,"href":"https:\/\/www.premiosdentalpro.pt\/edicao2017\/wp-json\/wp\/v2\/pages\/283\/revisions"}],"predecessor-version":[{"id":284,"href":"https:\/\/www.premiosdentalpro.pt\/edicao2017\/wp-json\/wp\/v2\/pages\/283\/revisions\/284"}],"wp:attachment":[{"href":"https:\/\/www.premiosdentalpro.pt\/edicao2017\/wp-json\/wp\/v2\/media?parent=283"}],"curies":[{"name":"wp","href":"https:\/\/api.w.org\/{rel}","templated":true}]}}