{"id":7,"date":"2017-01-24T14:17:28","date_gmt":"2017-01-24T14:17:28","guid":{"rendered":"http:\/\/www.premiosdentalpro.pt\/edicao2017\/?page_id=7"},"modified":"2017-06-13T10:54:28","modified_gmt":"2017-06-13T10:54:28","slug":"i-almoco-encontro-de-profissionais","status":"publish","type":"page","link":"https:\/\/www.premiosdentalpro.pt\/edicao2017\/i-almoco-encontro-de-profissionais\/","title":{"rendered":"I Almo\u00e7o \u2013 Encontro de Profissionais"},"content":{"rendered":"<p><iframe loading=\"lazy\" src=\"https:\/\/www.youtube.com\/embed\/tIH83AsoFQc?rel=0\" width=\"1107\" height=\"623\" frameborder=\"0\"  allowfullscreen=\"allowfullscreen\"><\/iframe><\/p>\n<div><\/div>\n<div>O <a href=\"http:\/\/www.premiosdentalpro.pt\/edicao2017\/category\/juri\/\">j\u00fari<\/a> da primeira edi\u00e7\u00e3o dos Pr\u00e9mios DentalPro reuniu-se a 31 de janeiro em Lisboa para o I Almo\u00e7o &#8211; Encontro de Profissionais DentalPro, iniciativa da nossa revista com vista \u00e0 elei\u00e7\u00e3o das &#8220;melhores&#8221; cl\u00ednicas dent\u00e1rias de Portugal.<\/div>\n<div class=\"ver_noticia_corpo\">\n<div class=\"ver_noticia_texto\">\n<p>Durante o conv\u00edvio, decorreu um debate entre os profissionais presentes, sobre temas atuais e relevantes para a atividade. Posteriormente, foi efetuada a vota\u00e7\u00e3o segundo v\u00e1rios crit\u00e9rios de avalia\u00e7\u00e3o, como Inova\u00e7\u00e3o Humana, Gest\u00e3o Corrente, Ambiente e Divulga\u00e7\u00e3o, e Atendimento Adequado.<\/p>\n<p>As 10 eleitas desta primeira edi\u00e7\u00e3o s\u00e3o: LAclinic (Aveiro), Cl\u00ednica Mota (Leiria), A. Korrodi Ritto (Leiria), IRO &#8211; Instituto de Reabilita\u00e7\u00e3o Oral (Lisboa), Cl\u00ednica Pra\u00e7a de Espanha (Lisboa), Cl\u00ednica Dent\u00e1ria Infante Sagres &#8211; Grupo FA (Lisboa), Cl\u00ednica do Po\u00e7o Novo (Lisboa), Nova Dentismed (Lisboa), Cl\u00ednica Dent\u00e1ria d&#8217;Avenida (Porto) e Remiclinica (Santar\u00e9m).<\/p>\n<p>Saiba, em breve, a data e o local da Entrega dos Pr\u00e9mios DentalPro.<\/p>\n<p><img loading=\"lazy\" decoding=\"async\" class=\"alignnone wp-image-194\" src=\"http:\/\/www.premiosdentalpro.pt\/edicao2017\/wp-content\/uploads\/2017\/01\/MG_9624-300x200.jpg\" alt=\"J\u00fari - Pr\u00e9mios DentalPro 2017\" width=\"518\" height=\"345\" srcset=\"https:\/\/www.premiosdentalpro.pt\/edicao2017\/wp-content\/uploads\/2017\/01\/MG_9624-300x200.jpg 300w, https:\/\/www.premiosdentalpro.pt\/edicao2017\/wp-content\/uploads\/2017\/01\/MG_9624-768x513.jpg 768w, https:\/\/www.premiosdentalpro.pt\/edicao2017\/wp-content\/uploads\/2017\/01\/MG_9624-1024x684.jpg 1024w, https:\/\/www.premiosdentalpro.pt\/edicao2017\/wp-content\/uploads\/2017\/01\/MG_9624.jpg 2000w\" sizes=\"auto, (max-width: 518px) 100vw, 518px\" \/>\u00a0 \u00a0\u00a0<img loading=\"lazy\" decoding=\"async\" class=\" wp-image-196 alignnone\" src=\"http:\/\/www.premiosdentalpro.pt\/edicao2017\/wp-content\/uploads\/2017\/01\/MG_9569-300x200.jpg\" alt=\"J\u00fari - Pr\u00e9mios DentalPro 2017\" width=\"517\" height=\"344\" srcset=\"https:\/\/www.premiosdentalpro.pt\/edicao2017\/wp-content\/uploads\/2017\/01\/MG_9569-300x200.jpg 300w, https:\/\/www.premiosdentalpro.pt\/edicao2017\/wp-content\/uploads\/2017\/01\/MG_9569-768x513.jpg 768w, https:\/\/www.premiosdentalpro.pt\/edicao2017\/wp-content\/uploads\/2017\/01\/MG_9569-1024x684.jpg 1024w, https:\/\/www.premiosdentalpro.pt\/edicao2017\/wp-content\/uploads\/2017\/01\/MG_9569.jpg 2000w\" sizes=\"auto, (max-width: 517px) 100vw, 517px\" \/><\/p>\n<\/div>\n<\/div>\n<hr \/>\n<p><strong>Programa<\/strong><\/p>\n<p class=\"p1\"><strong>12:45<\/strong> Rece\u00e7\u00e3o dos convidados e aperitivos.<\/p>\n<p class=\"p1\"><strong>13:20<\/strong> In\u00edcio do almo\u00e7o e, simultaneamente, da sess\u00e3o de trabalho.<\/p>\n<p class=\"p1\"><strong>13:45<\/strong> Temas a abordar:<\/p>\n<ul>\n<li class=\"p1\">Panorama atual do setor;<\/li>\n<li class=\"p1\">Medidas para dinamizar a atividade;<\/li>\n<li class=\"p1\">Perspetivas futuras.<\/li>\n<\/ul>\n<p class=\"p1\"><strong>14:45<\/strong> Apresenta\u00e7\u00e3o dos Pr\u00e9mios DentalPro:<\/p>\n<ul>\n<li class=\"p1\">Entrega da listagem aos membros do j\u00fari;<\/li>\n<li class=\"p1\">Vota\u00e7\u00e3o;<\/li>\n<li class=\"p1\">Compila\u00e7\u00e3o dos resultados;<\/li>\n<li class=\"p1\">Assinatura da ata com os vencedores.<\/li>\n<\/ul>\n<p class=\"p1\"><strong>15:45<\/strong> Fotografia de grupo (entrada principal).<\/p>\n<p class=\"p1\"><strong>16:45<\/strong> Despedida.<\/p>\n<hr \/>\n<p class=\"p3\"><strong>Eleven Restaurant<\/strong><br \/>\nRua Marqu\u00eas de Fronteira, Jardim Am\u00e1lia Rodrigues<br \/>\n1070\u00a0Lisboa<br \/>\nwww.restauranteleven.com<br \/>\n(+351) 213 862 211<\/p>\n","protected":false},"excerpt":{"rendered":"<p>O j\u00fari da primeira edi\u00e7\u00e3o dos Pr\u00e9mios DentalPro reuniu-se a 31 de janeiro em Lisboa para o I Almo\u00e7o &#8211; Encontro de Profissionais DentalPro, iniciativa da nossa revista com vista &#8230;<\/p>\n","protected":false},"author":1,"featured_media":0,"parent":0,"menu_order":0,"comment_status":"closed","ping_status":"closed","template":"","meta":{"footnotes":""},"class_list":["post-7","page","type-page","status-publish","hentry"],"_links":{"self":[{"href":"https:\/\/www.premiosdentalpro.pt\/edicao2017\/wp-json\/wp\/v2\/pages\/7","targetHints":{"allow":["GET"]}}],"collection":[{"href":"https:\/\/www.premiosdentalpro.pt\/edicao2017\/wp-json\/wp\/v2\/pages"}],"about":[{"href":"https:\/\/www.premiosdentalpro.pt\/edicao2017\/wp-json\/wp\/v2\/types\/page"}],"author":[{"embeddable":true,"href":"https:\/\/www.premiosdentalpro.pt\/edicao2017\/wp-json\/wp\/v2\/users\/1"}],"replies":[{"embeddable":true,"href":"https:\/\/www.premiosdentalpro.pt\/edicao2017\/wp-json\/wp\/v2\/comments?post=7"}],"version-history":[{"count":23,"href":"https:\/\/www.premiosdentalpro.pt\/edicao2017\/wp-json\/wp\/v2\/pages\/7\/revisions"}],"predecessor-version":[{"id":337,"href":"https:\/\/www.premiosdentalpro.pt\/edicao2017\/wp-json\/wp\/v2\/pages\/7\/revisions\/337"}],"wp:attachment":[{"href":"https:\/\/www.premiosdentalpro.pt\/edicao2017\/wp-json\/wp\/v2\/media?parent=7"}],"curies":[{"name":"wp","href":"https:\/\/api.w.org\/{rel}","templated":true}]}}